{"id":2827,"date":"2021-05-07T12:22:48","date_gmt":"2021-05-07T11:22:48","guid":{"rendered":"https:\/\/strongcharon.pt\/alarms\/friend-indicates-friend\/"},"modified":"2021-07-08T15:04:19","modified_gmt":"2021-07-08T14:04:19","slug":"friend-indicates-friend","status":"publish","type":"page","link":"https:\/\/strongcharon.pt\/en\/alarms\/friend-indicates-friend\/","title":{"rendered":"Friend indicates friend"},"content":{"rendered":"\n[et_pb_section fb_built=&#8221;1&#8243; module_id=&#8221;schedule&#8221; _builder_version=&#8221;4.9.2&#8243; _module_preset=&#8221;default&#8221; min_height_last_edited=&#8221;off|desktop&#8221; custom_padding=&#8221;0px||0px||true|false&#8221;][et_pb_row column_structure=&#8221;1_2,1_2&#8243; make_equal=&#8221;on&#8221; _builder_version=&#8221;4.9.2&#8243; _module_preset=&#8221;default&#8221; width=&#8221;100%&#8221; width_tablet=&#8221;80%&#8221; width_phone=&#8221;&#8221; width_last_edited=&#8221;on|tablet&#8221; max_width=&#8221;100%&#8221; min_height=&#8221;100vh&#8221; min_height_tablet=&#8221;&#8221; min_height_phone=&#8221;&#8221; min_height_last_edited=&#8221;on|desktop&#8221; sticky_limit_bottom=&#8221;row&#8221; sticky_position_tablet=&#8221;none&#8221; sticky_position_last_edited=&#8221;off|desktop&#8221;][et_pb_column type=&#8221;1_2&#8243; disabled_on=&#8221;on|on|off&#8221; _builder_version=&#8221;4.9.2&#8243; _module_preset=&#8221;default&#8221; background_image=&#8221;https:\/\/strongcharon.pt\/wp-content\/uploads\/2021\/03\/strong-charon-alarmes-1.jpg&#8221; background_position=&#8221;bottom_right&#8221; animation_style=&#8221;fade&#8221; animation_delay=&#8221;100ms&#8221; animation_starting_opacity=&#8221;3%&#8221; sticky_limit_bottom=&#8221;row&#8221; sticky_position_tablet=&#8221;none&#8221; sticky_position_last_edited=&#8221;off|desktop&#8221; sticky_offset_top_last_edited=&#8221;off|tablet&#8221;][\/et_pb_column][et_pb_column type=&#8221;1_2&#8243; _builder_version=&#8221;4.9.2&#8243; _module_preset=&#8221;default&#8221; custom_padding=&#8221;60px||60px||true|false&#8221; animation_style=&#8221;fade&#8221; animation_delay=&#8221;200ms&#8221; animation_starting_opacity=&#8221;3%&#8221; custom_css_main_element=&#8221;max-width: 474px;&#8221; custom_css_main_element_last_edited=&#8221;on|tablet&#8221; custom_css_main_element_tablet=&#8221;max-width: 100%;&#8221;][et_pb_text _builder_version=&#8221;4.9.2&#8243; _module_preset=&#8221;default&#8221; text_orientation=&#8221;center&#8221; hover_enabled=&#8221;0&#8243; sticky_enabled=&#8221;0&#8243;]<p><img loading=\"lazy\" decoding=\"async\" class=\"wp-image-2791 alignnone \" src=\"https:\/\/strongcharon.pt\/wp-content\/uploads\/2021\/05\/friend-indicates-friend.svg\" alt=\"\" width=\"280\" height=\"148\" \/><\/p>[\/et_pb_text][et_pb_code _builder_version=&#8221;4.9.2&#8243; _module_preset=&#8221;default&#8221; overflow-x=&#8221;hidden&#8221;]<pee><link rel='stylesheet' id='formidable-css' href='https:\/\/strongcharon.pt\/wp-content\/plugins\/formidable\/css\/formidableforms.css?ver=46933' type='text\/css' media='all' \/>\n<div class=\"frm_forms  with_frm_style frm_center_submit frm_style_questionario\" id=\"frm_form_4_container\" >\n<form enctype=\"multipart\/form-data\" method=\"post\" class=\"frm-show-form  frm_js_validate  frm_ajax_submit  frm_pro_form  frm_slidein \" id=\"form_amigoindicaamigo\" >\n<div class=\"frm_form_fields  frm_page_num_1\">\n<fieldset>\n<legend class=\"frm_screen_reader\">Friend indicates friend<\/legend>\r\n\r\n<div class=\"frm_fields_container\">\n<input type=\"hidden\" name=\"frm_action\" value=\"create\" \/>\n<input type=\"hidden\" name=\"form_id\" value=\"4\" \/>\n<input type=\"hidden\" name=\"frm_hide_fields_4\" id=\"frm_hide_fields_4\" value=\"\" \/>\n<input type=\"hidden\" name=\"form_key\" value=\"amigoindicaamigo\" \/>\n<input type=\"hidden\" name=\"item_meta[0]\" value=\"\" \/>\n<input type=\"hidden\" id=\"frm_submit_entry_4\" name=\"frm_submit_entry_4\" value=\"a417b71c5c\" \/><input type=\"hidden\" name=\"_wp_http_referer\" value=\"\/en\/wp-json\/wp\/v2\/pages\/2827\" \/><input type=\"hidden\" name=\"item_meta[74]\" id=\"field_tcaqx\" value=\"en\"  data-frmval=\"en\"   \/>\n<div id=\"frm_field_65_container\" class=\"frm_form_field  frm_html_container form-field\">\n<p class=\"styled\">Tell us your customer data:<\/p>\n<\/div>\n<div id=\"frm_field_57_container\" class=\"frm_form_field form-field  frm_required_field frm_left_container frm12\">\r\n    <label for=\"field_r5wt7\" id=\"field_r5wt7_label\" class=\"frm_primary_label\">Name\r\n        <span class=\"frm_required\" aria-hidden=\"true\">*<\/span>\r\n    <\/label>\r\n    <input  type=\"text\" id=\"field_r5wt7\" name=\"item_meta[57]\" value=\"\"  data-reqmsg=\"Required field.\" aria-required=\"true\" data-invmsg=\"Texto inv\u00e1lido\" aria-invalid=\"false\"   \/>\r\n    \r\n    \r\n<\/div>\n<div id=\"frm_field_58_container\" class=\"frm_form_field form-field  frm_required_field frm_left_container frm12\">\r\n    <label for=\"field_pw59k\" id=\"field_pw59k_label\" class=\"frm_primary_label\">Email\r\n        <span class=\"frm_required\" aria-hidden=\"true\">*<\/span>\r\n    <\/label>\r\n    <input type=\"email\" id=\"field_pw59k\" name=\"item_meta[58]\" value=\"\"  data-reqmsg=\"Required field.\" aria-required=\"true\" data-invmsg=\"Email invalid.\" aria-invalid=\"false\"  \/>\r\n    \r\n    \r\n<\/div>\n<div id=\"frm_field_71_container\" class=\"frm_form_field form-field  frm_required_field frm_left_container frm12\">\r\n    <label for=\"field_rnvgz\" id=\"field_rnvgz_label\" class=\"frm_primary_label\">NIF\r\n        <span class=\"frm_required\" aria-hidden=\"true\">*<\/span>\r\n    <\/label>\r\n    <input  type=\"text\" id=\"field_rnvgz\" name=\"item_meta[71]\" value=\"\"  data-frmmask=\"999-999-999\" data-reqmsg=\"Required field.\" aria-required=\"true\" data-invmsg=\"Invalid NIF.\" aria-invalid=\"false\" pattern=\"\\d\\d\\d-\\d\\d\\d-\\d\\d\\d$\"   \/>\r\n    \r\n    \r\n<\/div>\n<input type=\"hidden\" name=\"frm_page_order_4\" id=\"frm_page_order_4\" value=\"7\" \/><input type=\"hidden\" name=\"item_meta[67]\" id=\"field_38mbk\" value=\"\"     \/>\n<input type=\"hidden\" name=\"item_meta[68]\" id=\"field_7hjjf\" value=\"\"     \/>\n<input type=\"hidden\" name=\"item_meta[69]\" id=\"field_oih2r\" value=\"\"     \/>\n<input type=\"hidden\" name=\"item_meta[70]\" id=\"field_f3l9h-0\" value=\"\"     \/>\n\t<input type=\"hidden\" name=\"item_key\" value=\"\" \/>\n\t\t\t<div id=\"frm_field_323_container\">\n\t\t\t<label for=\"field_er56q\" >\n\t\t\t\tIf you are human, leave this field blank.\t\t\t<\/label>\n\t\t\t<input  id=\"field_er56q\" type=\"text\" class=\"frm_form_field form-field frm_verify\" name=\"item_meta[323]\" value=\"\"  \/>\n\t\t<\/div>\n\t\t<input name=\"frm_state\" type=\"hidden\" value=\"7bL1ACWvCcOg9tJ7Rh7\/XyV1x0J47QoKeXQ6igd+9jFCuCBf46f91UwIM5NDe3ow\" \/><div class=\"frm_submit\">\r\n\r\n<button class=\"frm_button_submit\" type=\"submit\"   formnovalidate=\"formnovalidate\">Next<\/button>\r\n\r\n<\/div><\/div>\n<\/fieldset>\n<\/div>\n\n<\/form>\n<\/div>\n<\/pee>[\/et_pb_code][et_pb_text _builder_version=&#8221;4.9.2&#8243; _module_preset=&#8221;default&#8221; text_text_color=&#8221;#b9b9b9&#8243; text_font_size=&#8221;9px&#8221; text_line_height=&#8221;1.6em&#8221; custom_margin=&#8221;||1em||false|false&#8221;]<p>Campaign valid until 12\/31\/2021. For each friend who becomes our customer, enjoy a monthly credit on your alarm.<\/p>[\/et_pb_text][et_pb_text _builder_version=&#8221;4.9.2&#8243; _module_preset=&#8221;default&#8221; text_text_color=&#8221;#b9b9b9&#8243; text_font_size=&#8221;9px&#8221; text_line_height=&#8221;1.6em&#8221; link_text_color=&#8221;#b9b9b9&#8243; global_module=&#8221;2619&#8243;]<p>Os campos assinalados com um asterisco (*) s\u00e3o de preenchimento obrigat\u00f3rio.<br \/>Ao clicar em \u201csubmeter\u201d est\u00e1 a dar o seu consentimento para entrarmos em contacto consigo. Poder\u00e1 retirar o consentimento a qualquer momento. A retirada do consentimento n\u00e3o compromete a licitude do tratamento efetuado com base no consentimento anteriormente concedido.<br \/>Os dados recolhidos s\u00e3o tratados automaticamente com a finalidade de gerir as respostas aos pedidos efetuados (artigo 6\u00ba n\u00ba1 al\u00ednea a) do RGPD). Os dados poder\u00e3o ser tratados por outras empresas com quem a Strong Charon contrate o tratamento de dados.<br \/>O titular dos dados tem direito de acesso, retifica\u00e7\u00e3o, apagamento, limita\u00e7\u00e3o do tratamento, oposi\u00e7\u00e3o, portabilidade, e reclama\u00e7\u00e3o \u00e0 autoridade de controlo. Caso deseje exercer os seus direitos p.f. contacte o Encarregado da Prote\u00e7\u00e3o de Dados (DPO), que est\u00e1 dispon\u00edvel atrav\u00e9s do e-mail <a href=\"mailto:dpo@trivalor.pt\" target=\"_blank\" rel=\"noopener\">dpo@trivalor.pt<\/a>. O respons\u00e1vel pelo tratamento \u00e9 a Strong Charon, com sede na <span>Rua do Entreposto Industrial, 8, 2610-135 Amadora<\/span>\u00a0e correio eletr\u00f3nico <a href=\"mailto:rgpd@trivalor.pt\" target=\"_blank\" rel=\"noopener\">rgpd@trivalor.pt<\/a>.<br \/>Porque os seus dados circulam atrav\u00e9s da internet correm o risco de serem vistos e utilizados por terceiros n\u00e3o autorizados.<\/p>\n[\/et_pb_text][\/et_pb_column][\/et_pb_row][\/et_pb_section]\n","protected":false},"excerpt":{"rendered":"<p><div class=\"frm_forms  with_frm_style frm_center_submit frm_style_questionario\" id=\"frm_form_4_container\" >\n<form enctype=\"multipart\/form-data\" method=\"post\" class=\"frm-show-form  frm_js_validate  frm_ajax_submit  frm_pro_form  frm_slidein \" id=\"form_amigoindicaamigo\" >\n<div class=\"frm_form_fields  frm_page_num_1\">\n<fieldset>\n<legend class=\"frm_screen_reader\">Friend indicates friend<\/legend>\r\n\r\n<div class=\"frm_fields_container\">\n<input type=\"hidden\" name=\"frm_action\" value=\"create\" \/>\n<input type=\"hidden\" name=\"form_id\" value=\"4\" \/>\n<input type=\"hidden\" name=\"frm_hide_fields_4\" id=\"frm_hide_fields_4\" value=\"\" \/>\n<input type=\"hidden\" name=\"form_key\" value=\"amigoindicaamigo\" \/>\n<input type=\"hidden\" name=\"item_meta[0]\" value=\"\" \/>\n<input type=\"hidden\" id=\"frm_submit_entry_4\" name=\"frm_submit_entry_4\" value=\"a417b71c5c\" \/><input type=\"hidden\" name=\"_wp_http_referer\" value=\"\/en\/wp-json\/wp\/v2\/pages\/2827\" \/><input type=\"hidden\" name=\"item_meta[74]\" id=\"field_tcaqx\" value=\"en\"  data-frmval=\"en\"   \/>\n<div id=\"frm_field_65_container\" class=\"frm_form_field  frm_html_container form-field\">\n<p class=\"styled\">Tell us your customer data:<\/p>\n<\/div>\n<div id=\"frm_field_57_container\" class=\"frm_form_field form-field  frm_required_field frm_left_container frm12\">\r\n    <label for=\"field_r5wt7\" id=\"field_r5wt7_label\" class=\"frm_primary_label\">Name\r\n        <span class=\"frm_required\" aria-hidden=\"true\">*<\/span>\r\n    <\/label>\r\n    <input  type=\"text\" id=\"field_r5wt7\" name=\"item_meta[57]\" value=\"\"  data-reqmsg=\"Required field.\" aria-required=\"true\" data-invmsg=\"Texto inv\u00e1lido\" aria-invalid=\"false\"   \/>\r\n    \r\n    \r\n<\/div>\n<div id=\"frm_field_58_container\" class=\"frm_form_field form-field  frm_required_field frm_left_container frm12\">\r\n    <label for=\"field_pw59k\" id=\"field_pw59k_label\" class=\"frm_primary_label\">Email\r\n        <span class=\"frm_required\" aria-hidden=\"true\">*<\/span>\r\n    <\/label>\r\n    <input type=\"email\" id=\"field_pw59k\" name=\"item_meta[58]\" value=\"\"  data-reqmsg=\"Required field.\" aria-required=\"true\" data-invmsg=\"Email invalid.\" aria-invalid=\"false\"  \/>\r\n    \r\n    \r\n<\/div>\n<div id=\"frm_field_71_container\" class=\"frm_form_field form-field  frm_required_field frm_left_container frm12\">\r\n    <label for=\"field_rnvgz\" id=\"field_rnvgz_label\" class=\"frm_primary_label\">NIF\r\n        <span class=\"frm_required\" aria-hidden=\"true\">*<\/span>\r\n    <\/label>\r\n    <input  type=\"text\" id=\"field_rnvgz\" name=\"item_meta[71]\" value=\"\"  data-frmmask=\"999-999-999\" data-reqmsg=\"Required field.\" aria-required=\"true\" data-invmsg=\"Invalid NIF.\" aria-invalid=\"false\" pattern=\"\\d\\d\\d-\\d\\d\\d-\\d\\d\\d$\"   \/>\r\n    \r\n    \r\n<\/div>\n<input type=\"hidden\" name=\"frm_page_order_4\" id=\"frm_page_order_4\" value=\"7\" \/><input type=\"hidden\" name=\"item_meta[67]\" id=\"field_38mbk\" value=\"\"     \/>\n<input type=\"hidden\" name=\"item_meta[68]\" id=\"field_7hjjf\" value=\"\"     \/>\n<input type=\"hidden\" name=\"item_meta[69]\" id=\"field_oih2r\" value=\"\"     \/>\n<input type=\"hidden\" name=\"item_meta[70]\" id=\"field_f3l9h-0\" value=\"\"     \/>\n\t<input type=\"hidden\" name=\"item_key\" value=\"\" \/>\n\t\t\t<div id=\"frm_field_324_container\">\n\t\t\t<label for=\"field_axbrr\" >\n\t\t\t\tIf you are human, leave this field blank.\t\t\t<\/label>\n\t\t\t<input  id=\"field_axbrr\" type=\"text\" class=\"frm_form_field form-field frm_verify\" name=\"item_meta[324]\" value=\"\"  \/>\n\t\t<\/div>\n\t\t<input name=\"frm_state\" type=\"hidden\" value=\"7bL1ACWvCcOg9tJ7Rh7\/XyV1x0J47QoKeXQ6igd+9jFlFp\/rVwVLOklFF1vKSL2q\" \/><div class=\"frm_submit\">\r\n\r\n<button class=\"frm_button_submit\" type=\"submit\"   formnovalidate=\"formnovalidate\">Next<\/button>\r\n\r\n<\/div><\/div>\n<\/fieldset>\n<\/div>\n\n<\/form>\n<\/div>\nCampaign valid until 12\/31\/2021. For each friend who becomes our customer, enjoy a monthly credit on your alarm.Os campos assinalados com um asterisco (*) s\u00e3o de preenchimento obrigat\u00f3rio.Ao clicar em \u201csubmeter\u201d est\u00e1 a dar o seu consentimento para entrarmos em contacto consigo. Poder\u00e1 retirar o consentimento a qualquer momento. A retirada do consentimento n\u00e3o [&hellip;]<\/p>\n","protected":false},"author":2,"featured_media":2195,"parent":2485,"menu_order":0,"comment_status":"closed","ping_status":"closed","template":"","meta":{"_acf_changed":false,"_et_pb_use_builder":"on","_et_pb_old_content":"","_et_gb_content_width":"","footnotes":""},"class_list":["post-2827","page","type-page","status-publish","has-post-thumbnail","hentry"],"acf":[],"yoast_head":"<!-- This site is optimized with the Yoast SEO plugin v27.4 - https:\/\/yoast.com\/product\/yoast-seo-wordpress\/ -->\n<title>Friend indicates friend &#8226; Get a discount on your Strong Charon alarm<\/title>\n<meta name=\"description\" content=\"Indicate a friend and get a discount on your Strong Charon alarm. If you still don&#039;t have an alarm, request a FREE personalized proposal.\" \/>\n<meta name=\"robots\" content=\"noindex, nofollow\" \/>\n<meta property=\"og:locale\" content=\"en_US\" \/>\n<meta property=\"og:type\" content=\"article\" \/>\n<meta property=\"og:title\" content=\"Friend indicates friend &#8226; Get a discount on your Strong Charon alarm\" \/>\n<meta property=\"og:description\" content=\"Indicate a friend and get a discount on your Strong Charon alarm. If you still don&#039;t have an alarm, request a FREE personalized proposal.\" \/>\n<meta property=\"og:url\" content=\"https:\/\/strongcharon.pt\/en\/alarms\/friend-indicates-friend\/\" \/>\n<meta property=\"og:site_name\" content=\"Strong Charon\" \/>\n<meta property=\"article:modified_time\" content=\"2021-07-08T14:04:19+00:00\" \/>\n<meta property=\"og:image\" content=\"https:\/\/strongcharon.pt\/wp-content\/uploads\/2021\/03\/strong-charon-alarmes.jpg\" \/>\n\t<meta property=\"og:image:width\" content=\"1024\" \/>\n\t<meta property=\"og:image:height\" content=\"768\" \/>\n\t<meta property=\"og:image:type\" content=\"image\/jpeg\" \/>\n<meta name=\"twitter:card\" content=\"summary_large_image\" \/>\n<meta name=\"twitter:label1\" content=\"Est. reading time\" \/>\n\t<meta name=\"twitter:data1\" content=\"2 minutes\" \/>\n<script type=\"application\/ld+json\" class=\"yoast-schema-graph\">{\"@context\":\"https:\\\/\\\/schema.org\",\"@graph\":[{\"@type\":\"WebPage\",\"@id\":\"https:\\\/\\\/strongcharon.pt\\\/en\\\/alarms\\\/friend-indicates-friend\\\/\",\"url\":\"https:\\\/\\\/strongcharon.pt\\\/en\\\/alarms\\\/friend-indicates-friend\\\/\",\"name\":\"Friend indicates friend &#8226; Get a discount on your Strong Charon alarm\",\"isPartOf\":{\"@id\":\"https:\\\/\\\/strongcharon.pt\\\/en\\\/#website\"},\"primaryImageOfPage\":{\"@id\":\"https:\\\/\\\/strongcharon.pt\\\/en\\\/alarms\\\/friend-indicates-friend\\\/#primaryimage\"},\"image\":{\"@id\":\"https:\\\/\\\/strongcharon.pt\\\/en\\\/alarms\\\/friend-indicates-friend\\\/#primaryimage\"},\"thumbnailUrl\":\"https:\\\/\\\/strongcharon.pt\\\/wp-content\\\/uploads\\\/2021\\\/03\\\/strong-charon-alarmes.jpg\",\"datePublished\":\"2021-05-07T11:22:48+00:00\",\"dateModified\":\"2021-07-08T14:04:19+00:00\",\"description\":\"Indicate a friend and get a discount on your Strong Charon alarm. If you still don't have an alarm, request a FREE personalized proposal.\",\"breadcrumb\":{\"@id\":\"https:\\\/\\\/strongcharon.pt\\\/en\\\/alarms\\\/friend-indicates-friend\\\/#breadcrumb\"},\"inLanguage\":\"en-US\",\"potentialAction\":[{\"@type\":\"ReadAction\",\"target\":[\"https:\\\/\\\/strongcharon.pt\\\/en\\\/alarms\\\/friend-indicates-friend\\\/\"]}]},{\"@type\":\"ImageObject\",\"inLanguage\":\"en-US\",\"@id\":\"https:\\\/\\\/strongcharon.pt\\\/en\\\/alarms\\\/friend-indicates-friend\\\/#primaryimage\",\"url\":\"https:\\\/\\\/strongcharon.pt\\\/wp-content\\\/uploads\\\/2021\\\/03\\\/strong-charon-alarmes.jpg\",\"contentUrl\":\"https:\\\/\\\/strongcharon.pt\\\/wp-content\\\/uploads\\\/2021\\\/03\\\/strong-charon-alarmes.jpg\",\"width\":1024,\"height\":768},{\"@type\":\"BreadcrumbList\",\"@id\":\"https:\\\/\\\/strongcharon.pt\\\/en\\\/alarms\\\/friend-indicates-friend\\\/#breadcrumb\",\"itemListElement\":[{\"@type\":\"ListItem\",\"position\":1,\"name\":\"In\u00edcio\",\"item\":\"https:\\\/\\\/strongcharon.pt\\\/en\\\/\"},{\"@type\":\"ListItem\",\"position\":2,\"name\":\"Alarms\",\"item\":\"https:\\\/\\\/strongcharon.pt\\\/en\\\/alarmes\\\/\"},{\"@type\":\"ListItem\",\"position\":3,\"name\":\"Friend indicates friend\"}]},{\"@type\":\"WebSite\",\"@id\":\"https:\\\/\\\/strongcharon.pt\\\/en\\\/#website\",\"url\":\"https:\\\/\\\/strongcharon.pt\\\/en\\\/\",\"name\":\"Strong Charon\",\"description\":\"Servimos tranquilidade\",\"publisher\":{\"@id\":\"https:\\\/\\\/strongcharon.pt\\\/en\\\/#organization\"},\"potentialAction\":[{\"@type\":\"SearchAction\",\"target\":{\"@type\":\"EntryPoint\",\"urlTemplate\":\"https:\\\/\\\/strongcharon.pt\\\/en\\\/?s={search_term_string}\"},\"query-input\":{\"@type\":\"PropertyValueSpecification\",\"valueRequired\":true,\"valueName\":\"search_term_string\"}}],\"inLanguage\":\"en-US\"},{\"@type\":\"Organization\",\"@id\":\"https:\\\/\\\/strongcharon.pt\\\/en\\\/#organization\",\"name\":\"Strong Charon\",\"url\":\"https:\\\/\\\/strongcharon.pt\\\/en\\\/\",\"logo\":{\"@type\":\"ImageObject\",\"inLanguage\":\"en-US\",\"@id\":\"https:\\\/\\\/strongcharon.pt\\\/en\\\/#\\\/schema\\\/logo\\\/image\\\/\",\"url\":\"https:\\\/\\\/strongcharon.pt\\\/wp-content\\\/uploads\\\/2021\\\/03\\\/Logo.svg\",\"contentUrl\":\"https:\\\/\\\/strongcharon.pt\\\/wp-content\\\/uploads\\\/2021\\\/03\\\/Logo.svg\",\"width\":1,\"height\":1,\"caption\":\"Strong Charon\"},\"image\":{\"@id\":\"https:\\\/\\\/strongcharon.pt\\\/en\\\/#\\\/schema\\\/logo\\\/image\\\/\"},\"sameAs\":[\"https:\\\/\\\/www.linkedin.com\\\/company\\\/strongcharon\\\/\"]}]}<\/script>\n<!-- \/ Yoast SEO plugin. -->","yoast_head_json":{"title":"Friend indicates friend &#8226; Get a discount on your Strong Charon alarm","description":"Indicate a friend and get a discount on your Strong Charon alarm. If you still don't have an alarm, request a FREE personalized proposal.","robots":{"index":"noindex","follow":"nofollow"},"og_locale":"en_US","og_type":"article","og_title":"Friend indicates friend &#8226; Get a discount on your Strong Charon alarm","og_description":"Indicate a friend and get a discount on your Strong Charon alarm. If you still don't have an alarm, request a FREE personalized proposal.","og_url":"https:\/\/strongcharon.pt\/en\/alarms\/friend-indicates-friend\/","og_site_name":"Strong Charon","article_modified_time":"2021-07-08T14:04:19+00:00","og_image":[{"width":1024,"height":768,"url":"https:\/\/strongcharon.pt\/wp-content\/uploads\/2021\/03\/strong-charon-alarmes.jpg","type":"image\/jpeg"}],"twitter_card":"summary_large_image","twitter_misc":{"Est. reading time":"2 minutes"},"schema":{"@context":"https:\/\/schema.org","@graph":[{"@type":"WebPage","@id":"https:\/\/strongcharon.pt\/en\/alarms\/friend-indicates-friend\/","url":"https:\/\/strongcharon.pt\/en\/alarms\/friend-indicates-friend\/","name":"Friend indicates friend &#8226; Get a discount on your Strong Charon alarm","isPartOf":{"@id":"https:\/\/strongcharon.pt\/en\/#website"},"primaryImageOfPage":{"@id":"https:\/\/strongcharon.pt\/en\/alarms\/friend-indicates-friend\/#primaryimage"},"image":{"@id":"https:\/\/strongcharon.pt\/en\/alarms\/friend-indicates-friend\/#primaryimage"},"thumbnailUrl":"https:\/\/strongcharon.pt\/wp-content\/uploads\/2021\/03\/strong-charon-alarmes.jpg","datePublished":"2021-05-07T11:22:48+00:00","dateModified":"2021-07-08T14:04:19+00:00","description":"Indicate a friend and get a discount on your Strong Charon alarm. If you still don't have an alarm, request a FREE personalized proposal.","breadcrumb":{"@id":"https:\/\/strongcharon.pt\/en\/alarms\/friend-indicates-friend\/#breadcrumb"},"inLanguage":"en-US","potentialAction":[{"@type":"ReadAction","target":["https:\/\/strongcharon.pt\/en\/alarms\/friend-indicates-friend\/"]}]},{"@type":"ImageObject","inLanguage":"en-US","@id":"https:\/\/strongcharon.pt\/en\/alarms\/friend-indicates-friend\/#primaryimage","url":"https:\/\/strongcharon.pt\/wp-content\/uploads\/2021\/03\/strong-charon-alarmes.jpg","contentUrl":"https:\/\/strongcharon.pt\/wp-content\/uploads\/2021\/03\/strong-charon-alarmes.jpg","width":1024,"height":768},{"@type":"BreadcrumbList","@id":"https:\/\/strongcharon.pt\/en\/alarms\/friend-indicates-friend\/#breadcrumb","itemListElement":[{"@type":"ListItem","position":1,"name":"In\u00edcio","item":"https:\/\/strongcharon.pt\/en\/"},{"@type":"ListItem","position":2,"name":"Alarms","item":"https:\/\/strongcharon.pt\/en\/alarmes\/"},{"@type":"ListItem","position":3,"name":"Friend indicates friend"}]},{"@type":"WebSite","@id":"https:\/\/strongcharon.pt\/en\/#website","url":"https:\/\/strongcharon.pt\/en\/","name":"Strong Charon","description":"Servimos tranquilidade","publisher":{"@id":"https:\/\/strongcharon.pt\/en\/#organization"},"potentialAction":[{"@type":"SearchAction","target":{"@type":"EntryPoint","urlTemplate":"https:\/\/strongcharon.pt\/en\/?s={search_term_string}"},"query-input":{"@type":"PropertyValueSpecification","valueRequired":true,"valueName":"search_term_string"}}],"inLanguage":"en-US"},{"@type":"Organization","@id":"https:\/\/strongcharon.pt\/en\/#organization","name":"Strong Charon","url":"https:\/\/strongcharon.pt\/en\/","logo":{"@type":"ImageObject","inLanguage":"en-US","@id":"https:\/\/strongcharon.pt\/en\/#\/schema\/logo\/image\/","url":"https:\/\/strongcharon.pt\/wp-content\/uploads\/2021\/03\/Logo.svg","contentUrl":"https:\/\/strongcharon.pt\/wp-content\/uploads\/2021\/03\/Logo.svg","width":1,"height":1,"caption":"Strong Charon"},"image":{"@id":"https:\/\/strongcharon.pt\/en\/#\/schema\/logo\/image\/"},"sameAs":["https:\/\/www.linkedin.com\/company\/strongcharon\/"]}]}},"publishpress_future_workflow_manual_trigger":{"enabledWorkflows":[]},"_links":{"self":[{"href":"https:\/\/strongcharon.pt\/en\/wp-json\/wp\/v2\/pages\/2827","targetHints":{"allow":["GET"]}}],"collection":[{"href":"https:\/\/strongcharon.pt\/en\/wp-json\/wp\/v2\/pages"}],"about":[{"href":"https:\/\/strongcharon.pt\/en\/wp-json\/wp\/v2\/types\/page"}],"author":[{"embeddable":true,"href":"https:\/\/strongcharon.pt\/en\/wp-json\/wp\/v2\/users\/2"}],"replies":[{"embeddable":true,"href":"https:\/\/strongcharon.pt\/en\/wp-json\/wp\/v2\/comments?post=2827"}],"version-history":[{"count":0,"href":"https:\/\/strongcharon.pt\/en\/wp-json\/wp\/v2\/pages\/2827\/revisions"}],"up":[{"embeddable":true,"href":"https:\/\/strongcharon.pt\/en\/wp-json\/wp\/v2\/pages\/2485"}],"wp:featuredmedia":[{"embeddable":true,"href":"https:\/\/strongcharon.pt\/en\/wp-json\/wp\/v2\/media\/2195"}],"wp:attachment":[{"href":"https:\/\/strongcharon.pt\/en\/wp-json\/wp\/v2\/media?parent=2827"}],"curies":[{"name":"wp","href":"https:\/\/api.w.org\/{rel}","templated":true}]}}